{"id":3910,"date":"2024-02-27T19:12:48","date_gmt":"2024-02-27T22:12:48","guid":{"rendered":"https:\/\/mtbminto.com\/?page_id=3910"},"modified":"2024-02-28T10:39:08","modified_gmt":"2024-02-28T13:39:08","slug":"politique-relative-aux-velos-electriques","status":"publish","type":"page","link":"https:\/\/mtbminto.com\/fr\/politique-relative-aux-velos-electriques\/","title":{"rendered":"Politique relative aux v\u00e9los \u00e9lectriques"},"content":{"rendered":"\n<h3 class=\"wp-block-heading\">Politique relative aux v\u00e9los \u00e9lectriques<\/h3>\n\n\n\n<p>Seuls les v\u00e9los \u00e9lectriques \u00e0 assistance au p\u00e9dalage de classe 1 sont autoris\u00e9s sur les sentiers singletrack et flow. Qu&rsquo;est-ce qu&rsquo;un v\u00e9lo \u00e9lectrique de classe 1 ?<\/p>\n\n\n\n<p>V\u00e9los \u00e9lectriques de classe 1 :<\/p>\n\n\n\n<ul class=\"wp-block-list\">\n<li>Avoir des p\u00e9dales<\/li>\n\n\n\n<li>Je n&rsquo;ai pas d&rsquo;acc\u00e9l\u00e9rateur<\/li>\n\n\n\n<li>Avoir une puissance maximale de 500 watts<\/li>\n\n\n\n<li>Avoir une vitesse maximale assist\u00e9e de 32 km\/h<\/li>\n\n\n\n<li>Peser moins de 60 livres<\/li>\n<\/ul>\n\n\n\n<p>Merci de respecter ceci! Les v\u00e9los plus lourds et plus puissants que ceux ci-dessus endommagent les sentiers et g\u00e2chent le plaisir de tous. \ud83d\ude41<\/p>\n","protected":false},"excerpt":{"rendered":"<p>Politique relative aux v\u00e9los \u00e9lectriques Seuls les v\u00e9los \u00e9lectriques \u00e0 assistance au p\u00e9dalage de classe 1 sont autoris\u00e9s sur les sentiers singletrack et flow. Qu&rsquo;est-ce qu&rsquo;un v\u00e9lo \u00e9lectrique de classe 1 ? V\u00e9los \u00e9lectriques de classe 1 : Merci de respecter ceci! Les v\u00e9los plus lourds et plus puissants que ceux ci-dessus endommagent les sentiers [&hellip;]<\/p>\n","protected":false},"author":1,"featured_media":3408,"parent":0,"menu_order":0,"comment_status":"closed","ping_status":"closed","template":"","meta":{"jetpack_post_was_ever_published":false,"footnotes":""},"class_list":["post-3910","page","type-page","status-publish","has-post-thumbnail","hentry"],"jetpack_sharing_enabled":true,"jetpack_shortlink":"https:\/\/wp.me\/P8cok7-114","_links":{"self":[{"href":"https:\/\/mtbminto.com\/fr\/wp-json\/wp\/v2\/pages\/3910","targetHints":{"allow":["GET"]}}],"collection":[{"href":"https:\/\/mtbminto.com\/fr\/wp-json\/wp\/v2\/pages"}],"about":[{"href":"https:\/\/mtbminto.com\/fr\/wp-json\/wp\/v2\/types\/page"}],"author":[{"embeddable":true,"href":"https:\/\/mtbminto.com\/fr\/wp-json\/wp\/v2\/users\/1"}],"replies":[{"embeddable":true,"href":"https:\/\/mtbminto.com\/fr\/wp-json\/wp\/v2\/comments?post=3910"}],"version-history":[{"count":1,"href":"https:\/\/mtbminto.com\/fr\/wp-json\/wp\/v2\/pages\/3910\/revisions"}],"predecessor-version":[{"id":3911,"href":"https:\/\/mtbminto.com\/fr\/wp-json\/wp\/v2\/pages\/3910\/revisions\/3911"}],"wp:featuredmedia":[{"embeddable":true,"href":"https:\/\/mtbminto.com\/fr\/wp-json\/wp\/v2\/media\/3408"}],"wp:attachment":[{"href":"https:\/\/mtbminto.com\/fr\/wp-json\/wp\/v2\/media?parent=3910"}],"curies":[{"name":"wp","href":"https:\/\/api.w.org\/{rel}","templated":true}]}}