{"id":3908,"date":"2024-02-27T19:16:16","date_gmt":"2024-02-27T22:16:16","guid":{"rendered":"https:\/\/mtbminto.com\/?page_id=3908"},"modified":"2024-02-28T10:37:31","modified_gmt":"2024-02-28T13:37:31","slug":"politique-des-evenements-de-groupe","status":"publish","type":"page","link":"https:\/\/mtbminto.com\/fr\/politique-des-evenements-de-groupe\/","title":{"rendered":"Politique des \u00e9v\u00e9nements de groupe"},"content":{"rendered":"\n<h3 class=\"wp-block-heading\">Politique des \u00e9v\u00e9nements de groupe<\/h3>\n\n\n\n<p>Les \u00e9v\u00e9nements de plus grande envergure n\u00e9cessitent une utilisation accrue de nos ressources limit\u00e9es pour l\u2019entretien et l\u2019entretien des sentiers et peuvent avoir un impact sur les autres utilisateurs. Si vous envisagez d&rsquo;utiliser les sentiers VTT Minto dans le cadre de votre \u00e9v\u00e9nement, veuillez nous contacter.<\/p>\n","protected":false},"excerpt":{"rendered":"<p>Politique des \u00e9v\u00e9nements de groupe Les \u00e9v\u00e9nements de plus grande envergure n\u00e9cessitent une utilisation accrue de nos ressources limit\u00e9es pour l\u2019entretien et l\u2019entretien des sentiers et peuvent avoir un impact sur les autres utilisateurs. Si vous envisagez d&rsquo;utiliser les sentiers VTT Minto dans le cadre de votre \u00e9v\u00e9nement, veuillez nous contacter.<\/p>\n","protected":false},"author":1,"featured_media":3410,"parent":0,"menu_order":0,"comment_status":"closed","ping_status":"closed","template":"","meta":{"jetpack_post_was_ever_published":false,"footnotes":""},"class_list":["post-3908","page","type-page","status-publish","has-post-thumbnail","hentry"],"jetpack_sharing_enabled":true,"jetpack_shortlink":"https:\/\/wp.me\/P8cok7-112","_links":{"self":[{"href":"https:\/\/mtbminto.com\/fr\/wp-json\/wp\/v2\/pages\/3908","targetHints":{"allow":["GET"]}}],"collection":[{"href":"https:\/\/mtbminto.com\/fr\/wp-json\/wp\/v2\/pages"}],"about":[{"href":"https:\/\/mtbminto.com\/fr\/wp-json\/wp\/v2\/types\/page"}],"author":[{"embeddable":true,"href":"https:\/\/mtbminto.com\/fr\/wp-json\/wp\/v2\/users\/1"}],"replies":[{"embeddable":true,"href":"https:\/\/mtbminto.com\/fr\/wp-json\/wp\/v2\/comments?post=3908"}],"version-history":[{"count":1,"href":"https:\/\/mtbminto.com\/fr\/wp-json\/wp\/v2\/pages\/3908\/revisions"}],"predecessor-version":[{"id":3909,"href":"https:\/\/mtbminto.com\/fr\/wp-json\/wp\/v2\/pages\/3908\/revisions\/3909"}],"wp:featuredmedia":[{"embeddable":true,"href":"https:\/\/mtbminto.com\/fr\/wp-json\/wp\/v2\/media\/3410"}],"wp:attachment":[{"href":"https:\/\/mtbminto.com\/fr\/wp-json\/wp\/v2\/media?parent=3908"}],"curies":[{"name":"wp","href":"https:\/\/api.w.org\/{rel}","templated":true}]}}