{"id":3465,"date":"2018-06-20T08:13:57","date_gmt":"2018-06-20T11:13:57","guid":{"rendered":"https:\/\/mtbminto.com\/?page_id=3465"},"modified":"2023-06-06T11:11:08","modified_gmt":"2023-06-06T14:11:08","slug":"benevole","status":"publish","type":"page","link":"https:\/\/mtbminto.com\/fr\/benevole\/","title":{"rendered":"B\u00e9n\u00e9vole"},"content":{"rendered":"<h3 style=\"text-align: center;\">DEMANDER DE L&rsquo;AIDE<\/h3>\n<p style=\"text-align: center;\">En tant qu&rsquo;organisation \u00e0 but non lucratif, nous d\u00e9pendons fortement des b\u00e9n\u00e9voles afin de fournir d&rsquo;excellents syst\u00e8mes de sentiers \u00e0 la communaut\u00e9 du v\u00e9lo de montagne. Une aide est n\u00e9cessaire dans les domaines suivants :<\/p>\n<p style=\"text-align: center;\">\u2022 construction de sentiers<\/p>\n<p style=\"text-align: center;\">\u2022 entretien des sentiers<\/p>\n<p style=\"text-align: center;\">\u2022 jours de nettoyage<\/p>\n<p style=\"text-align: center;\">\u2022 b\u00e9n\u00e9voles le jour de la course<\/p>\n<p style=\"text-align: center;\">\u2022 comit\u00e9 de planification<\/p>\n<p style=\"text-align: center;\">\u2022 cliniques de v\u00e9lo<\/p>\n<p style=\"text-align: center;\">Si vous souhaitez vous impliquer,veuillez nous contacter par<span class=\"s1\">\u00a0<a href=\"mailto:mountainbikeminto@gmail.com\"><span class=\"s3\">mountainbikeminto@gmail.com<\/span><\/a>.<\/span><\/p>\n","protected":false},"excerpt":{"rendered":"<p>DEMANDER DE L&rsquo;AIDE En tant qu&rsquo;organisation \u00e0 but non lucratif, nous d\u00e9pendons fortement des b\u00e9n\u00e9voles afin de fournir d&rsquo;excellents syst\u00e8mes de sentiers \u00e0 la communaut\u00e9 du v\u00e9lo de montagne. Une aide est n\u00e9cessaire dans les domaines suivants : \u2022 construction de sentiers \u2022 entretien des sentiers \u2022 jours de nettoyage \u2022 b\u00e9n\u00e9voles le jour de [&hellip;]<\/p>\n","protected":false},"author":1,"featured_media":3380,"parent":0,"menu_order":0,"comment_status":"closed","ping_status":"closed","template":"","meta":{"jetpack_post_was_ever_published":false,"footnotes":""},"class_list":["post-3465","page","type-page","status-publish","has-post-thumbnail","hentry"],"jetpack_sharing_enabled":true,"jetpack_shortlink":"https:\/\/wp.me\/P8cok7-TT","_links":{"self":[{"href":"https:\/\/mtbminto.com\/fr\/wp-json\/wp\/v2\/pages\/3465","targetHints":{"allow":["GET"]}}],"collection":[{"href":"https:\/\/mtbminto.com\/fr\/wp-json\/wp\/v2\/pages"}],"about":[{"href":"https:\/\/mtbminto.com\/fr\/wp-json\/wp\/v2\/types\/page"}],"author":[{"embeddable":true,"href":"https:\/\/mtbminto.com\/fr\/wp-json\/wp\/v2\/users\/1"}],"replies":[{"embeddable":true,"href":"https:\/\/mtbminto.com\/fr\/wp-json\/wp\/v2\/comments?post=3465"}],"version-history":[{"count":1,"href":"https:\/\/mtbminto.com\/fr\/wp-json\/wp\/v2\/pages\/3465\/revisions"}],"predecessor-version":[{"id":3466,"href":"https:\/\/mtbminto.com\/fr\/wp-json\/wp\/v2\/pages\/3465\/revisions\/3466"}],"wp:featuredmedia":[{"embeddable":true,"href":"https:\/\/mtbminto.com\/fr\/wp-json\/wp\/v2\/media\/3380"}],"wp:attachment":[{"href":"https:\/\/mtbminto.com\/fr\/wp-json\/wp\/v2\/media?parent=3465"}],"curies":[{"name":"wp","href":"https:\/\/api.w.org\/{rel}","templated":true}]}}