{"id":3463,"date":"2018-06-20T08:13:44","date_gmt":"2018-06-20T11:13:44","guid":{"rendered":"https:\/\/mtbminto.com\/?page_id=3463"},"modified":"2023-06-06T11:08:55","modified_gmt":"2023-06-06T14:08:55","slug":"devenir-parrain","status":"publish","type":"page","link":"https:\/\/mtbminto.com\/fr\/devenir-parrain\/","title":{"rendered":"Devenir parrain"},"content":{"rendered":"<h3 style=\"text-align: center;\">NOUS NE POURRONS PAS LE FAIRE SANS VOUS<\/h3>\n<p style=\"text-align: center;\">Nous comptons sur la g\u00e9n\u00e9rosit\u00e9 des entreprises commanditaires pour entretenir le syst\u00e8me de sentiers actuel, construire de nouveaux sentiers et organiser une course de premi\u00e8re classe pour la communaut\u00e9 du v\u00e9lo de montagne.<\/p>\n<p style=\"text-align: center;\">Si vous \u00eates int\u00e9ress\u00e9 par une opportunit\u00e9 de parrainage, nous aimerions avoir de vos nouvelles. Veuillez contacter Sean Morrissy au<span class=\"s1\">\u00a0<a href=\"mailto:mountainbikeminto@gmail.com\"><span class=\"s2\">mountainbikeminto@gmail.com<\/span><\/a>.<\/span><\/p>\n\n\n<div style=\"background:#fff; padding:25px; margin: 0 auto; width:365px;\"><!-- TRAILFORKS WIDGET START -->\n<div class=\"TrailforksWidgetKarmaDonation\" data-w=\"320px\" data-h=\"194px\" data-rid=\"5502\" data-did=\"0\" data-x=\"1\" data-t=\"1\"><\/div>\n<script type=\"application\/javascript\" src=\"https:\/\/es.pinkbike.org\/326\/sprt\/j\/trailforks\/iframeResizer.min.js\"><\/script>\n<script type=\"text\/javascript\">\nvar script = document.createElement(\"script\"); script.setAttribute(\"src\", \"https:\/\/es.pinkbike.org\/ttl-86400\/sprt\/j\/trailforks\/widget.js\"); document.getElementsByTagName(\"head\")[0].appendChild(script); var widgetCheck = false;\n<\/script>\n<!-- TRAILFORKS WIDGET END -->\n<\/div>\n","protected":false},"excerpt":{"rendered":"<p>NOUS NE POURRONS PAS LE FAIRE SANS VOUS Nous comptons sur la g\u00e9n\u00e9rosit\u00e9 des entreprises commanditaires pour entretenir le syst\u00e8me de sentiers actuel, construire de nouveaux sentiers et organiser une course de premi\u00e8re classe pour la communaut\u00e9 du v\u00e9lo de montagne. Si vous \u00eates int\u00e9ress\u00e9 par une opportunit\u00e9 de parrainage, nous aimerions avoir de vos [&hellip;]<\/p>\n","protected":false},"author":1,"featured_media":3374,"parent":0,"menu_order":0,"comment_status":"closed","ping_status":"closed","template":"","meta":{"jetpack_post_was_ever_published":false,"footnotes":""},"class_list":["post-3463","page","type-page","status-publish","has-post-thumbnail","hentry"],"jetpack_sharing_enabled":true,"jetpack_shortlink":"https:\/\/wp.me\/P8cok7-TR","_links":{"self":[{"href":"https:\/\/mtbminto.com\/fr\/wp-json\/wp\/v2\/pages\/3463","targetHints":{"allow":["GET"]}}],"collection":[{"href":"https:\/\/mtbminto.com\/fr\/wp-json\/wp\/v2\/pages"}],"about":[{"href":"https:\/\/mtbminto.com\/fr\/wp-json\/wp\/v2\/types\/page"}],"author":[{"embeddable":true,"href":"https:\/\/mtbminto.com\/fr\/wp-json\/wp\/v2\/users\/1"}],"replies":[{"embeddable":true,"href":"https:\/\/mtbminto.com\/fr\/wp-json\/wp\/v2\/comments?post=3463"}],"version-history":[{"count":1,"href":"https:\/\/mtbminto.com\/fr\/wp-json\/wp\/v2\/pages\/3463\/revisions"}],"predecessor-version":[{"id":3464,"href":"https:\/\/mtbminto.com\/fr\/wp-json\/wp\/v2\/pages\/3463\/revisions\/3464"}],"wp:featuredmedia":[{"embeddable":true,"href":"https:\/\/mtbminto.com\/fr\/wp-json\/wp\/v2\/media\/3374"}],"wp:attachment":[{"href":"https:\/\/mtbminto.com\/fr\/wp-json\/wp\/v2\/media?parent=3463"}],"curies":[{"name":"wp","href":"https:\/\/api.w.org\/{rel}","templated":true}]}}