{"id":3461,"date":"2018-06-20T08:16:19","date_gmt":"2018-06-20T11:16:19","guid":{"rendered":"https:\/\/mtbminto.com\/?page_id=3461"},"modified":"2025-05-06T19:24:46","modified_gmt":"2025-05-06T22:24:46","slug":"choses-a-faire","status":"publish","type":"page","link":"https:\/\/mtbminto.com\/fr\/choses-a-faire\/","title":{"rendered":"Choses \u00e0 faire"},"content":{"rendered":"<h3 style=\"text-align: center;\">IL Y A PLUS \u00c0 FAIRE QUE JUSTE ROULER<\/h3>\n<div class=\"\" style=\"text-align: center;\"><strong>Tiny Trails Taproom<\/strong><\/div>\n<div class=\"\" style=\"text-align: center;\">164 New England Road, Minto<\/div>\n<p class=\"p1\" style=\"text-align: center;\"><span class=\"s1\"><strong>Mus\u00e9e de la mine de charbon et du camp d&rsquo;internement de Minto<\/strong><\/span><span class=\"s1\"><br \/>\n420 Pleasant Drive, Minto<\/span><\/p>\n<p style=\"text-align: center;\"><span class=\"s1\"><strong>Village of Minto Pump Track<\/strong><\/span><span class=\"s1\"><br \/>\n420 Pleasant Drive, Minto<\/span><\/p>\n<p style=\"text-align: center;\"><strong>Sentier p\u00e9destre du camp d&rsquo;internement<\/strong><span class=\"s1\"><br \/>\nAutoroute 10 de Fredericton. Environ 10 minutes avant d&rsquo;arriver \u00e0 Minto.<br \/>\n<\/span><\/p>\n<p style=\"text-align: center;\"><strong>Plages publiques du Grand Lake<br \/>\n<\/strong>Il y a une plage publique sur le c\u00f4t\u00e9 de la route 690 sur Grand Lake que les habitants appellent le Keyhole. Plus loin sur la route se trouve Grand Lake Park-NB.<\/p>\n<p class=\"p1\" style=\"text-align: center;\"><strong><span class=\"s1\">Pour plus d&rsquo;informations sur le Village de Minto et ce qui s&rsquo;y passe, visitez :<br \/>\n<\/span><\/strong><a href=\"http:\/\/www.villageofminto.ca\/\" target=\"_blank\" rel=\"noopener\"><span class=\"s1\">www.villageofminto.ca<\/span><\/a><\/p>\n<p class=\"p1\" style=\"text-align: center;\"><strong><span class=\"s1\">Pour obtenir des renseignements sur les attractions, les \u00e9v\u00e9nements, les festivals et les choses \u00e0 faire \u00e0 Fredericton, visitez Tourisme Fredericton \u00e0 :<\/span><\/strong><\/p>\n<p class=\"p1\" style=\"text-align: center;\"><span class=\"s1\">Site web: <a href=\"http:\/\/www.tourismfredericton.ca\/en\" target=\"_blank\" rel=\"noopener\">www.tourismfredericton.ca<\/a><\/span><\/p>\n<p class=\"p1\" style=\"text-align: center;\"><span class=\"s1\">Facebook: <a href=\"https:\/\/www.facebook.com\/FrederictonTourism\" target=\"_blank\" rel=\"noopener\"><span class=\"s2\">www.facebook.com\/FrederictonTourism<\/span><\/a><\/span><\/p>\n","protected":false},"excerpt":{"rendered":"<p>IL Y A PLUS \u00c0 FAIRE QUE JUSTE ROULER Tiny Trails Taproom 164 New England Road, Minto Mus\u00e9e de la mine de charbon et du camp d&rsquo;internement de Minto 420 Pleasant Drive, Minto Village of Minto Pump Track 420 Pleasant Drive, Minto Sentier p\u00e9destre du camp d&rsquo;internement Autoroute 10 de Fredericton. Environ 10 minutes avant [&hellip;]<\/p>\n","protected":false},"author":1,"featured_media":4739,"parent":0,"menu_order":0,"comment_status":"closed","ping_status":"closed","template":"","meta":{"jetpack_post_was_ever_published":false,"footnotes":""},"class_list":["post-3461","page","type-page","status-publish","has-post-thumbnail","hentry"],"jetpack_sharing_enabled":true,"jetpack_shortlink":"https:\/\/wp.me\/P8cok7-TP","_links":{"self":[{"href":"https:\/\/mtbminto.com\/fr\/wp-json\/wp\/v2\/pages\/3461","targetHints":{"allow":["GET"]}}],"collection":[{"href":"https:\/\/mtbminto.com\/fr\/wp-json\/wp\/v2\/pages"}],"about":[{"href":"https:\/\/mtbminto.com\/fr\/wp-json\/wp\/v2\/types\/page"}],"author":[{"embeddable":true,"href":"https:\/\/mtbminto.com\/fr\/wp-json\/wp\/v2\/users\/1"}],"replies":[{"embeddable":true,"href":"https:\/\/mtbminto.com\/fr\/wp-json\/wp\/v2\/comments?post=3461"}],"version-history":[{"count":3,"href":"https:\/\/mtbminto.com\/fr\/wp-json\/wp\/v2\/pages\/3461\/revisions"}],"predecessor-version":[{"id":4965,"href":"https:\/\/mtbminto.com\/fr\/wp-json\/wp\/v2\/pages\/3461\/revisions\/4965"}],"wp:featuredmedia":[{"embeddable":true,"href":"https:\/\/mtbminto.com\/fr\/wp-json\/wp\/v2\/media\/4739"}],"wp:attachment":[{"href":"https:\/\/mtbminto.com\/fr\/wp-json\/wp\/v2\/media?parent=3461"}],"curies":[{"name":"wp","href":"https:\/\/api.w.org\/{rel}","templated":true}]}}