{"id":3457,"date":"2018-06-20T08:16:03","date_gmt":"2018-06-20T11:16:03","guid":{"rendered":"https:\/\/mtbminto.com\/?page_id=3457"},"modified":"2023-06-06T11:01:22","modified_gmt":"2023-06-06T14:01:22","slug":"ou-rester","status":"publish","type":"page","link":"https:\/\/mtbminto.com\/fr\/ou-rester\/","title":{"rendered":"O\u00f9 rester"},"content":{"rendered":"<h3 style=\"text-align: center;\">PAS BESOIN DE SE PRESSER<\/h3>\n<p style=\"text-align: center;\">Ces sentiers m\u00e9ritent plus qu&rsquo;une simple excursion d&rsquo;une journ\u00e9e. Vous trouverez ci-dessous quelques endroits recommand\u00e9s pour s\u00e9journer, en commen\u00e7ant par le plus proche du r\u00e9seau de sentiers Mountain Bike Minto.<\/p>\n<p style=\"text-align: center;\"><strong>Directement sur le syst\u00e8me de sentiers VTT Minto<\/strong><\/p>\n<p style=\"text-align: center;\"><strong>Terrain de camping VTT Tiny Trails Co.<\/strong><br \/>\n164, chemin New England, New England Settlement, N.-B.<\/p>\n<p style=\"text-align: center;\"><a href=\"http:\/\/www.tinytrails.co\" target=\"_blank\" rel=\"noopener\">R\u00e9servez votre camping sur www.tinytrails.co<\/a><\/p>\n<h4><\/h4>\n<h4 style=\"text-align: center;\">R\u00e9gion Minto<\/h4>\n<p style=\"text-align: center;\"><strong>Queens County Inn<\/strong><br \/>\n122, rue Bridge<br \/>\nChipman, N.-B.<br \/>\n506-339-6677<\/p>\n<p style=\"text-align: center;\"><strong>Grand Lake Campground<\/strong><br \/>\n60, rue Booth<br \/>\nNewcastle Creek, N.-B.<br \/>\n506-327-5367<\/p>\n<p style=\"text-align: center;\"><strong>Pioneer Lodge &amp; Log Cabins<br \/>\n<\/strong>410 rue Cumberland Bay South,<br \/>\nCumberland Bay, N.-B.<br \/>\n506-339-6458<br \/>\n<a href=\"http:\/\/pioneer-lodge.com\/\" target=\"_blank\" rel=\"noopener\">pioneer-lodge.com<\/a><\/p>\n<p style=\"text-align: center;\"><strong>AirBNB<\/strong><br \/>\nIl y a aussi quelques spots autour du lac sur AirBNB.<\/p>\n<h4><\/h4>\n<h4 style=\"text-align: center;\"><strong>Fredericton\u00a0<\/strong><\/h4>\n<p style=\"text-align: center;\">MTBM est \u00e0 seulement 35 minutes en voiture du c\u00f4t\u00e9 nord de Fredericton et \u00e0 40 minutes des quartiers r\u00e9sidentiels ou du centre-ville. Il y a beaucoup d&rsquo;h\u00f4tels et d&rsquo;Airbnb \u00e0 distance de marche des restaurants, des brasseries, des magasins et du march\u00e9 fermier local.<\/p>\n","protected":false},"excerpt":{"rendered":"<p>PAS BESOIN DE SE PRESSER Ces sentiers m\u00e9ritent plus qu&rsquo;une simple excursion d&rsquo;une journ\u00e9e. Vous trouverez ci-dessous quelques endroits recommand\u00e9s pour s\u00e9journer, en commen\u00e7ant par le plus proche du r\u00e9seau de sentiers Mountain Bike Minto. Directement sur le syst\u00e8me de sentiers VTT Minto Terrain de camping VTT Tiny Trails Co. 164, chemin New England, New [&hellip;]<\/p>\n","protected":false},"author":1,"featured_media":4737,"parent":0,"menu_order":0,"comment_status":"closed","ping_status":"closed","template":"","meta":{"jetpack_post_was_ever_published":false,"footnotes":""},"class_list":["post-3457","page","type-page","status-publish","has-post-thumbnail","hentry"],"jetpack_sharing_enabled":true,"jetpack_shortlink":"https:\/\/wp.me\/P8cok7-TL","_links":{"self":[{"href":"https:\/\/mtbminto.com\/fr\/wp-json\/wp\/v2\/pages\/3457","targetHints":{"allow":["GET"]}}],"collection":[{"href":"https:\/\/mtbminto.com\/fr\/wp-json\/wp\/v2\/pages"}],"about":[{"href":"https:\/\/mtbminto.com\/fr\/wp-json\/wp\/v2\/types\/page"}],"author":[{"embeddable":true,"href":"https:\/\/mtbminto.com\/fr\/wp-json\/wp\/v2\/users\/1"}],"replies":[{"embeddable":true,"href":"https:\/\/mtbminto.com\/fr\/wp-json\/wp\/v2\/comments?post=3457"}],"version-history":[{"count":1,"href":"https:\/\/mtbminto.com\/fr\/wp-json\/wp\/v2\/pages\/3457\/revisions"}],"predecessor-version":[{"id":3458,"href":"https:\/\/mtbminto.com\/fr\/wp-json\/wp\/v2\/pages\/3457\/revisions\/3458"}],"wp:featuredmedia":[{"embeddable":true,"href":"https:\/\/mtbminto.com\/fr\/wp-json\/wp\/v2\/media\/4737"}],"wp:attachment":[{"href":"https:\/\/mtbminto.com\/fr\/wp-json\/wp\/v2\/media?parent=3457"}],"curies":[{"name":"wp","href":"https:\/\/api.w.org\/{rel}","templated":true}]}}