{"id":3455,"date":"2018-07-06T16:29:14","date_gmt":"2018-07-06T19:29:14","guid":{"rendered":"https:\/\/mtbminto.com\/?page_id=3455"},"modified":"2023-06-06T10:56:24","modified_gmt":"2023-06-06T13:56:24","slug":"directions","status":"publish","type":"page","link":"https:\/\/mtbminto.com\/fr\/directions\/","title":{"rendered":"Directions"},"content":{"rendered":"<h3 style=\"text-align: center;\">COMMENT SE RENDRE AUX SENTIERS<\/h3>\n<p style=\"text-align: center;\">Il y a deux points de d\u00e9part pour acc\u00e9der au r\u00e9seau de sentiers.<\/p>\n<p style=\"text-align: center;\"><strong>Le sentier Northfield<\/strong><\/p>\n<p style=\"text-align: center;\">De Fredericton, parcourez 49 km vers le nord-est sur la route 10. Tournez \u00e0 gauche \u00e0 l&rsquo;intersection en \u00ab Y \u00bb juste avant d&rsquo;arriver \u00e0 Minto sur l&rsquo;avenue Northfield. Surveillez l&rsquo;entr\u00e9e sur la droite \u00e0 environ 200 m\u00e8tres.<\/p>\n<p style=\"text-align: center;\"><strong>Le sentier de la New England<\/strong><\/p>\n<p style=\"text-align: center;\">De Fredericton, parcourez 50 km vers le nord-est sur la route 10. Tournez \u00e0 gauche sur la rue Main \u00e0 Minto. Continuer \u00e0 travers la ville et rester \u00e0 gauche \u00e0 l&#8217;embranchement sur Centennial Drive. Continuez jusqu&rsquo;au d\u00e9but du sentier au bout de la route.<\/p>\n<p class=\"p1\" style=\"text-align: center;\">\n<h3 style=\"text-align: center;\"><div class=\"googlemaps\">\n\t\t\t\t<iframe loading=\"lazy\" width=\"800\" height=\"200\" frameborder=\"0\" scrolling=\"no\" marginheight=\"0\" marginwidth=\"0\"  src=\"https:\/\/www.google.com\/maps\/embed?pb=!1m18!1m12!1m3!1d5535.984935919087!2d-66.06648707642236!3d46.071191357743054!2m3!1f0!2f0!3f0!3m2!1i1024!2i768!4f13.1!3m3!1m2!1s0x4ca6b3dc276f0ecf:0xaacd45140ce43aad!2sVillage%20of%20Minto!5e0!3m2!1sen!2sca!4v1529432099084\"><\/iframe>\n\t\t\t<\/div><\/h3>\n","protected":false},"excerpt":{"rendered":"<p>COMMENT SE RENDRE AUX SENTIERS Il y a deux points de d\u00e9part pour acc\u00e9der au r\u00e9seau de sentiers. Le sentier Northfield De Fredericton, parcourez 49 km vers le nord-est sur la route 10. Tournez \u00e0 gauche \u00e0 l&rsquo;intersection en \u00ab Y \u00bb juste avant d&rsquo;arriver \u00e0 Minto sur l&rsquo;avenue Northfield. Surveillez l&rsquo;entr\u00e9e sur la droite [&hellip;]<\/p>\n","protected":false},"author":1,"featured_media":3375,"parent":0,"menu_order":0,"comment_status":"closed","ping_status":"closed","template":"","meta":{"jetpack_post_was_ever_published":false,"footnotes":""},"class_list":["post-3455","page","type-page","status-publish","has-post-thumbnail","hentry"],"jetpack_sharing_enabled":true,"jetpack_shortlink":"https:\/\/wp.me\/P8cok7-TJ","_links":{"self":[{"href":"https:\/\/mtbminto.com\/fr\/wp-json\/wp\/v2\/pages\/3455","targetHints":{"allow":["GET"]}}],"collection":[{"href":"https:\/\/mtbminto.com\/fr\/wp-json\/wp\/v2\/pages"}],"about":[{"href":"https:\/\/mtbminto.com\/fr\/wp-json\/wp\/v2\/types\/page"}],"author":[{"embeddable":true,"href":"https:\/\/mtbminto.com\/fr\/wp-json\/wp\/v2\/users\/1"}],"replies":[{"embeddable":true,"href":"https:\/\/mtbminto.com\/fr\/wp-json\/wp\/v2\/comments?post=3455"}],"version-history":[{"count":1,"href":"https:\/\/mtbminto.com\/fr\/wp-json\/wp\/v2\/pages\/3455\/revisions"}],"predecessor-version":[{"id":3456,"href":"https:\/\/mtbminto.com\/fr\/wp-json\/wp\/v2\/pages\/3455\/revisions\/3456"}],"wp:featuredmedia":[{"embeddable":true,"href":"https:\/\/mtbminto.com\/fr\/wp-json\/wp\/v2\/media\/3375"}],"wp:attachment":[{"href":"https:\/\/mtbminto.com\/fr\/wp-json\/wp\/v2\/media?parent=3455"}],"curies":[{"name":"wp","href":"https:\/\/api.w.org\/{rel}","templated":true}]}}