{"id":3452,"date":"2019-04-08T11:09:16","date_gmt":"2019-04-08T14:09:16","guid":{"rendered":"https:\/\/mtbminto.com\/?page_id=3452"},"modified":"2023-06-06T10:53:38","modified_gmt":"2023-06-06T13:53:38","slug":"itineraires-suggeres","status":"publish","type":"page","link":"https:\/\/mtbminto.com\/fr\/itineraires-suggeres\/","title":{"rendered":"Itin\u00e9raires sugg\u00e9r\u00e9s"},"content":{"rendered":"\n<h3 class=\"has-text-align-center wp-block-heading\">CELA DEVRAIT VOUS PERMETTRE DE COMMENCER<\/h3>\n\n\n\n<p class=\"has-text-align-center\"><strong>1. SENTIER DE LA MINE DE<\/strong> <strong>COAL MINE\/JONES :<\/strong> 4 km, 45 min. Les tout premiers sentiers ! C&rsquo;est ici que tout a commenc\u00e9! Amusant, fluide et technique, mais avec des \u00ab\u00a0tours faciles\u00a0\u00bb pour que les nouveaux pilotes puissent \u00e9viter les caract\u00e9ristiques difficiles. Faites Coal Mine et Jones dans le sens inverse des aiguilles d&rsquo;une montre.<\/p>\n\n\n\n<p class=\"has-text-align-center\"><br>\u00a0<strong>2.<\/strong> <strong>BOUCLE NORTHFIELD :<\/strong>(COAL MINE\/JONES TRAIL\/MUD DUMP\/ GEIGER COUNTER\/ THE 8200) 12,6 km, 2 heures. Ce sont les sentiers h\u00e9rit\u00e9s! Un tour complet ! De la for\u00eat au d\u00e9sert en passant par la jungle. Roulez dans le sens des aiguilles d&rsquo;une montre et compteur Geiger du SUD au NORD.<\/p>\n\n\n\n<p class=\"has-text-align-center\"><br><strong>3. FLOWTRAIL ALLER ET RETOUR :<\/strong> (TABULA RASA\/SPOIL BANKS\/SERENITY NOW\/INSANITY LATER) 16 km, 2 heures. D\u00e9couvrez Insanity Later, le joyau cach\u00e9 des sentiers Minto!<\/p>\n\n\n\n<p class=\"has-text-align-center\"><br>\u00a0<strong>4. BOUCLE DE LA<\/strong> <strong>NEW ENGLAND LOOP : <\/strong>( TABULA RASA\/CAVEATEMPTOR\/SPOIL BANKS\/SERENITY NOW\/INSANITY LATER\/SCOTIA BANKS\/ HIGHWALL) 13 km, 2,5 heures. Encore un tour complet ! Profitez des 9 premiers km de flow puis pr\u00e9parez-vous \u00e0 ce que les Banques Scotia vous fassent SOUFFRIR.<\/p>\n\n\n\n\n\n<p><em>Photo de la banni\u00e8re sup\u00e9rieure avec l&rsquo;aimable autorisation de MTBAtlantic.<\/em><\/p>\n","protected":false},"excerpt":{"rendered":"<p>CELA DEVRAIT VOUS PERMETTRE DE COMMENCER 1. SENTIER DE LA MINE DE COAL MINE\/JONES : 4 km, 45 min. Les tout premiers sentiers ! C&rsquo;est ici que tout a commenc\u00e9! Amusant, fluide et technique, mais avec des \u00ab\u00a0tours faciles\u00a0\u00bb pour que les nouveaux pilotes puissent \u00e9viter les caract\u00e9ristiques difficiles. Faites Coal Mine et Jones dans [&hellip;]<\/p>\n","protected":false},"author":1,"featured_media":4735,"parent":0,"menu_order":0,"comment_status":"closed","ping_status":"closed","template":"","meta":{"jetpack_post_was_ever_published":false,"footnotes":""},"class_list":["post-3452","page","type-page","status-publish","has-post-thumbnail","hentry"],"jetpack_sharing_enabled":true,"jetpack_shortlink":"https:\/\/wp.me\/P8cok7-TG","_links":{"self":[{"href":"https:\/\/mtbminto.com\/fr\/wp-json\/wp\/v2\/pages\/3452","targetHints":{"allow":["GET"]}}],"collection":[{"href":"https:\/\/mtbminto.com\/fr\/wp-json\/wp\/v2\/pages"}],"about":[{"href":"https:\/\/mtbminto.com\/fr\/wp-json\/wp\/v2\/types\/page"}],"author":[{"embeddable":true,"href":"https:\/\/mtbminto.com\/fr\/wp-json\/wp\/v2\/users\/1"}],"replies":[{"embeddable":true,"href":"https:\/\/mtbminto.com\/fr\/wp-json\/wp\/v2\/comments?post=3452"}],"version-history":[{"count":1,"href":"https:\/\/mtbminto.com\/fr\/wp-json\/wp\/v2\/pages\/3452\/revisions"}],"predecessor-version":[{"id":3453,"href":"https:\/\/mtbminto.com\/fr\/wp-json\/wp\/v2\/pages\/3452\/revisions\/3453"}],"wp:featuredmedia":[{"embeddable":true,"href":"https:\/\/mtbminto.com\/fr\/wp-json\/wp\/v2\/media\/4735"}],"wp:attachment":[{"href":"https:\/\/mtbminto.com\/fr\/wp-json\/wp\/v2\/media?parent=3452"}],"curies":[{"name":"wp","href":"https:\/\/api.w.org\/{rel}","templated":true}]}}