{"id":3449,"date":"2018-06-20T08:12:25","date_gmt":"2018-06-20T11:12:25","guid":{"rendered":"https:\/\/mtbminto.com\/?page_id=3449"},"modified":"2023-06-06T10:49:09","modified_gmt":"2023-06-06T13:49:09","slug":"les-sentiers","status":"publish","type":"page","link":"https:\/\/mtbminto.com\/fr\/les-sentiers\/","title":{"rendered":"Les sentiers"},"content":{"rendered":"\n<h3 class=\"has-text-align-center wp-block-heading\">LES SYST\u00c8MES DE SENTIERS VTT MINTO<\/h3>\n\n\n\n<p class=\"has-text-align-center\">Construit sur ce qui \u00e9tait autrefois consid\u00e9r\u00e9 comme un terrain vague de mines de charbon, le r\u00e9seau de sentiers s&rsquo;\u00e9tend maintenant sur un exemple des plus remarquables de r\u00e9cup\u00e9ration naturelle. Des bermes fluides aux mont\u00e9es abruptes, des ravins bois\u00e9s aux paisibles pin\u00e8des, les sentiers sont devenus l&rsquo;un des singletracks les plus rapides et les plus fluides de la c\u00f4te est. Les sentiers sont con\u00e7us pour tous les niveaux de conduite, des cyclistes d\u00e9butants aux athl\u00e8tes de niveau \u00e9lite enti\u00e8rement ravis.<\/p>\n\n\n\n<p class=\"has-text-align-center\">Il existe 2 ensembles de syst\u00e8mes de sentiers \u00e0 partir desquels vous pouvez commencer. Le \u00ab\u00a0Northfield Trail System (New Zion)\u00a0\u00bb et le \u00ab\u00a0New England Trail System\u00a0\u00bb. Les deux sont extr\u00eamement amusants et permettent une excellente conduite.<\/p>\n\n\n\n<div style=\"background:#fff; padding:25px; margin:0 0 15px 0;\"><!-- TRAILFORKS WIDGET START -->\n<div class=\"TrailforksRegionInfo\" data-w=\"100%\" data-h=\"175px\" data-rid=\"11602\" data-counts=\"1\" data-stats=\"1\"><\/div>\n<div class=\"TrailforksWidgetMap\" data-w=\"100%\" data-h=\"400px\" data-rid=\"11602\" data-activitytype=\"1\" data-maptype=\"trailforks\" data-trailstyle=\"difficulty\" data-controls=\"1\" data-list=\"0\" data-dml=\"1\" data-layers=\"labels,poi,polygon,directory,region\" data-z=\"\" data-lat=\"\" data-lon=\"\" data-hideunsanctioned=\"0\"><\/div><\/div>\n<a href=\"https:\/\/www.trailforks.com\/region\/new-zion\/\">New Zion<\/a> on <a href=\"https:\/\/www.trailforks.com\/\">Trailforks.com<\/a>\n\n<script type=\"text\/javascript\">\nvar script = document.createElement(\"script\"); script.setAttribute(\"src\", \"https:\/\/es.pinkbike.org\/ttl-86400\/sprt\/j\/trailforks\/widget.js\"); document.getElementsByTagName(\"head\")[0].appendChild(script); var widgetCheck = false;\n<\/script>\n<!-- TRAILFORKS WIDGET END -->\n\n\n\n<div style=\"height:35px\" aria-hidden=\"true\" class=\"wp-block-spacer\"><\/div>\n\n\n\n<div style=\"background:#fff; padding:25px; margin:0 0 15px 0;\"><!-- TRAILFORKS WIDGET START -->\n<div class=\"TrailforksRegionInfo\" data-w=\"100%\" data-h=\"175px\" data-rid=\"11604\" data-counts=\"1\" data-stats=\"1\"><\/div>\n<div class=\"TrailforksWidgetMap\" data-w=\"100%\" data-h=\"400px\" data-rid=\"11604\" data-activitytype=\"1\" data-maptype=\"trailforks\" data-trailstyle=\"difficulty\" data-controls=\"1\" data-list=\"0\" data-dml=\"1\" data-layers=\"labels,poi,polygon,directory,region\" data-z=\"\" data-lat=\"\" data-lon=\"\" data-hideunsanctioned=\"0\"><\/div><\/div>\n<a href=\"https:\/\/www.trailforks.com\/region\/new-england\/\">New England<\/a> on <a href=\"https:\/\/www.trailforks.com\/\">Trailforks.com<\/a>\n\n<script type=\"text\/javascript\">\nvar script = document.createElement(\"script\"); script.setAttribute(\"src\", \"https:\/\/es.pinkbike.org\/ttl-86400\/sprt\/j\/trailforks\/widget.js\"); document.getElementsByTagName(\"head\")[0].appendChild(script); var widgetCheck = false;\n<\/script>\n<!-- TRAILFORKS WIDGET END -->\n\n\n\n<h4 class=\"has-text-align-center wp-block-heading\"><a href=\"https:\/\/www.trailforks.com\/region\/minto\/\" data-type=\"URL\" data-id=\"https:\/\/www.trailforks.com\/region\/minto\/\" target=\"_blank\" rel=\"noreferrer noopener\">Trailfork &#8211; Minto<\/a><\/h4>\n\n\n\n<p class=\"has-text-align-center\"><a rel=\"noreferrer noopener\" href=\"https:\/\/www.trailforks.com\/region\/minto\/\" data-type=\"URL\" data-id=\"https:\/\/www.trailforks.com\/region\/minto\/\" target=\"_blank\">Cliquez ici pour toutes les cartes des sentiers de Minto<\/a><\/p>\n\n\n\n<hr class=\"wp-block-separator has-css-opacity is-style-wide\"\/>\n\n\n\n<h4 class=\"has-text-align-center wp-block-heading\"><a rel=\"noreferrer noopener\" href=\"http:\/\/www.hikingnb.ca\/Trails\/LowerSJRiver\/DevilsOven.html\" data-type=\"URL\" data-id=\"http:\/\/www.hikingnb.ca\/Trails\/LowerSJRiver\/DevilsOven.html\" target=\"_blank\">Devil\u2019s Oven Loop Trail<\/a><\/h4>\n\n\n\n<p class=\"has-text-align-center\"><a rel=\"noreferrer noopener\" href=\"http:\/\/www.hikingnb.ca\/Trails\/LowerSJRiver\/DevilsOven.html\" data-type=\"URL\" data-id=\"http:\/\/www.hikingnb.ca\/Trails\/LowerSJRiver\/DevilsOven.html\" target=\"_blank\">Cliquez ici pour plus d&rsquo;informations<\/a><\/p>\n\n\n\n<p><\/p>\n\n\n\n<p><em>Photo de la banni\u00e8re sup\u00e9rieure avec l&rsquo;aimable autorisation de MTBAtlantic.<\/em><\/p>\n","protected":false},"excerpt":{"rendered":"<p>LES SYST\u00c8MES DE SENTIERS VTT MINTO Construit sur ce qui \u00e9tait autrefois consid\u00e9r\u00e9 comme un terrain vague de mines de charbon, le r\u00e9seau de sentiers s&rsquo;\u00e9tend maintenant sur un exemple des plus remarquables de r\u00e9cup\u00e9ration naturelle. Des bermes fluides aux mont\u00e9es abruptes, des ravins bois\u00e9s aux paisibles pin\u00e8des, les sentiers sont devenus l&rsquo;un des singletracks [&hellip;]<\/p>\n","protected":false},"author":1,"featured_media":3358,"parent":0,"menu_order":0,"comment_status":"closed","ping_status":"closed","template":"","meta":{"jetpack_post_was_ever_published":false,"footnotes":""},"class_list":["post-3449","page","type-page","status-publish","has-post-thumbnail","hentry"],"jetpack_sharing_enabled":true,"jetpack_shortlink":"https:\/\/wp.me\/P8cok7-TD","_links":{"self":[{"href":"https:\/\/mtbminto.com\/fr\/wp-json\/wp\/v2\/pages\/3449","targetHints":{"allow":["GET"]}}],"collection":[{"href":"https:\/\/mtbminto.com\/fr\/wp-json\/wp\/v2\/pages"}],"about":[{"href":"https:\/\/mtbminto.com\/fr\/wp-json\/wp\/v2\/types\/page"}],"author":[{"embeddable":true,"href":"https:\/\/mtbminto.com\/fr\/wp-json\/wp\/v2\/users\/1"}],"replies":[{"embeddable":true,"href":"https:\/\/mtbminto.com\/fr\/wp-json\/wp\/v2\/comments?post=3449"}],"version-history":[{"count":2,"href":"https:\/\/mtbminto.com\/fr\/wp-json\/wp\/v2\/pages\/3449\/revisions"}],"predecessor-version":[{"id":3451,"href":"https:\/\/mtbminto.com\/fr\/wp-json\/wp\/v2\/pages\/3449\/revisions\/3451"}],"wp:featuredmedia":[{"embeddable":true,"href":"https:\/\/mtbminto.com\/fr\/wp-json\/wp\/v2\/media\/3358"}],"wp:attachment":[{"href":"https:\/\/mtbminto.com\/fr\/wp-json\/wp\/v2\/media?parent=3449"}],"curies":[{"name":"wp","href":"https:\/\/api.w.org\/{rel}","templated":true}]}}