{"id":3447,"date":"2021-03-25T13:46:11","date_gmt":"2021-03-25T16:46:11","guid":{"rendered":"https:\/\/mtbminto.com\/?page_id=3447"},"modified":"2025-05-06T19:21:09","modified_gmt":"2025-05-06T22:21:09","slug":"articles-en-vedette","status":"publish","type":"page","link":"https:\/\/mtbminto.com\/fr\/articles-en-vedette\/","title":{"rendered":"Articles en vedette"},"content":{"rendered":"\n<h3 class=\"wp-block-heading has-text-align-center\">QUELQUES BONNES NOUVELLES<\/h3>\n\n\n\n<p>Ne vous contentez pas de nous croire sur parole pour l&rsquo;impressionnant r\u00e9seau de sentiers et l&rsquo;exp\u00e9rience inoubliable de Mountain Bike Minto; voir les articles ci-dessous qui nous pr\u00e9sentent. (Que l&rsquo;anglais)<\/p>\n\n\n\n<p><strong>Huddle<\/strong>: <a href=\"https:\/\/huddle.today\/how-mountain-biking-could-help-grow-tourism-in-new-brunswick\/\" target=\"_blank\" rel=\"noreferrer noopener\">https:\/\/huddle.today\/how-mountain-biking-could-help-grow-tourism-in-new-brunswick\/<\/a><\/p>\n\n\n\n<p><strong>Be Rad<\/strong>: <a href=\"https:\/\/beradadventures.ca\/biking-brews-and-city-views\" target=\"_blank\" rel=\"noreferrer noopener\">https:\/\/beradadventures.ca\/biking-brews-and-city-views<\/a><\/p>\n\n\n\n<p><strong>Cycling Magazine:<\/strong>&nbsp;<a href=\"https:\/\/cyclingmagazine.ca\/mtb\/coal-miners-lung-celebrates-mintos-move-from-mines-to-mountain-bikes\/\" target=\"_blank\" rel=\"noreferrer noopener\">https:\/\/cyclingmagazine.ca\/mtb\/coal-miners-lung-celebrates-mintos-move-from-mines-to-mountain-bikes\/<\/a><\/p>\n\n\n\n<p><strong>National Geographic:<\/strong>&nbsp;<a href=\"https:\/\/www.nationalgeographic.com\/travel\/article\/partner-content-best-adventures-to-do-new-brunswick\" target=\"_blank\" rel=\"noreferrer noopener\">https:\/\/www.nationalgeographic.com\/travel\/article\/partner-content-best-adventures-to-do-new-brunswick<\/a><\/p>\n\n\n\n<p><strong>Bike Mag:<\/strong>&nbsp;<a href=\"https:\/\/www.bikemag.com\/features\/acadian-driftwood\/\" target=\"_blank\" rel=\"noreferrer noopener\">https:\/\/www.bikemag.com\/features\/acadian-driftwood\/<\/a><\/p>\n\n\n\n<p><br><strong>Pink Bike:<\/strong>&nbsp;<a href=\"https:\/\/www.pinkbike.com\/news\/exploring-atlantic-canadas-mountain-biking-trails.html\" target=\"_blank\" rel=\"noreferrer noopener\">https:\/\/www.pinkbike.com\/news\/exploring-atlantic-canadas-mountain-biking-trails.html<\/a><\/p>\n\n\n\n<p><strong>Saltscapes:<\/strong> <a href=\"https:\/\/www.saltscapes.com\/travel\/3691-from-coal-mine-to-gold-mine-for-bikers.html\">https:\/\/www.saltscapes.com\/travel\/3691-from-coal-mine-to-gold-mine-for-bikers.html<\/a><\/p>\n","protected":false},"excerpt":{"rendered":"<p>QUELQUES BONNES NOUVELLES Ne vous contentez pas de nous croire sur parole pour l&rsquo;impressionnant r\u00e9seau de sentiers et l&rsquo;exp\u00e9rience inoubliable de Mountain Bike Minto; voir les articles ci-dessous qui nous pr\u00e9sentent. (Que l&rsquo;anglais) Huddle: https:\/\/huddle.today\/how-mountain-biking-could-help-grow-tourism-in-new-brunswick\/ Be Rad: https:\/\/beradadventures.ca\/biking-brews-and-city-views Cycling Magazine:&nbsp;https:\/\/cyclingmagazine.ca\/mtb\/coal-miners-lung-celebrates-mintos-move-from-mines-to-mountain-bikes\/ National Geographic:&nbsp;https:\/\/www.nationalgeographic.com\/travel\/article\/partner-content-best-adventures-to-do-new-brunswick Bike Mag:&nbsp;https:\/\/www.bikemag.com\/features\/acadian-driftwood\/ Pink Bike:&nbsp;https:\/\/www.pinkbike.com\/news\/exploring-atlantic-canadas-mountain-biking-trails.html Saltscapes: https:\/\/www.saltscapes.com\/travel\/3691-from-coal-mine-to-gold-mine-for-bikers.html<\/p>\n","protected":false},"author":1,"featured_media":3363,"parent":0,"menu_order":0,"comment_status":"closed","ping_status":"closed","template":"","meta":{"jetpack_post_was_ever_published":false,"footnotes":""},"class_list":["post-3447","page","type-page","status-publish","has-post-thumbnail","hentry"],"jetpack_sharing_enabled":true,"jetpack_shortlink":"https:\/\/wp.me\/P8cok7-TB","_links":{"self":[{"href":"https:\/\/mtbminto.com\/fr\/wp-json\/wp\/v2\/pages\/3447","targetHints":{"allow":["GET"]}}],"collection":[{"href":"https:\/\/mtbminto.com\/fr\/wp-json\/wp\/v2\/pages"}],"about":[{"href":"https:\/\/mtbminto.com\/fr\/wp-json\/wp\/v2\/types\/page"}],"author":[{"embeddable":true,"href":"https:\/\/mtbminto.com\/fr\/wp-json\/wp\/v2\/users\/1"}],"replies":[{"embeddable":true,"href":"https:\/\/mtbminto.com\/fr\/wp-json\/wp\/v2\/comments?post=3447"}],"version-history":[{"count":2,"href":"https:\/\/mtbminto.com\/fr\/wp-json\/wp\/v2\/pages\/3447\/revisions"}],"predecessor-version":[{"id":4962,"href":"https:\/\/mtbminto.com\/fr\/wp-json\/wp\/v2\/pages\/3447\/revisions\/4962"}],"wp:featuredmedia":[{"embeddable":true,"href":"https:\/\/mtbminto.com\/fr\/wp-json\/wp\/v2\/media\/3363"}],"wp:attachment":[{"href":"https:\/\/mtbminto.com\/fr\/wp-json\/wp\/v2\/media?parent=3447"}],"curies":[{"name":"wp","href":"https:\/\/api.w.org\/{rel}","templated":true}]}}