{"id":3444,"date":"2018-09-11T16:41:25","date_gmt":"2018-09-11T19:41:25","guid":{"rendered":"https:\/\/mtbminto.com\/?page_id=3444"},"modified":"2023-06-06T10:43:47","modified_gmt":"2023-06-06T13:43:47","slug":"location-de-velos","status":"publish","type":"page","link":"https:\/\/mtbminto.com\/fr\/location-de-velos\/","title":{"rendered":"Location de v\u00e9los"},"content":{"rendered":"<h3 style=\"text-align: center;\">JUSTE AU CAS O\u00d9 VOUS EN AVEZ BESOIN<\/h3>\n<p style=\"text-align: center;\">Vous visitez le r\u00e9seau de sentiers Minto\u2026 mais vous n&rsquo;avez pas de v\u00e9lo? Pas de soucis. Nous avons quelques options de location.<\/p>\n<p><strong>Minto<\/strong><br \/>Le Village de Minto propose des locations de v\u00e9los GRATUITES! Semi-rigides Norco Storm et Trek Marlin tailles S-XL.<\/p>\n<p><strong>Voici comment!<br \/><\/strong><span style=\"font-size: revert; color: initial; font-family: -apple-system, BlinkMacSystemFont, 'Segoe UI', Roboto, Oxygen-Sans, Ubuntu, Cantarell, 'Helvetica Neue', sans-serif;\">Appelez le Village de Minto au 327-3383 pour r\u00e9server un v\u00e9lo. Des casques sont \u00e9galement disponibles.<\/span><\/p>\n<p>Vous devrez signer une d\u00e9charge et fournir une pi\u00e8ce d&rsquo;identit\u00e9 (permis de conduire). Les enfants de moins de 18 ans auront besoin d&rsquo;un adulte pour signer les locations.<br \/>Le bureau du village organisera la prise en charge \/ le retour avec vous.<\/p>\n<p><strong>Fredericton<\/strong><br \/>Il y a aussi des locations disponibles \u00e0 Fredericton \u00e0\u00a0<a href=\"https:\/\/sbcoutlet.com\/pages\/rentals\" target=\"_blank\" rel=\"noopener\">Savages Bike Shop en rue King<\/a>\u00a0ainsi qu&rsquo;au <a href=\"https:\/\/www.radicaledge.ca\/about\/bicycle-services-pg133.htm\" target=\"_blank\" rel=\"noopener\">Radical Edge bike shop en rue Westmorland.<\/a><\/p>\n<p style=\"text-align: left;\">\u00a0<\/p>\n<p style=\"text-align: left;\">V\u00e9lo en toute s\u00e9curit\u00e9 et profitez des sentiers.<\/p>\n\n\n<p><\/p>\n","protected":false},"excerpt":{"rendered":"<p>JUSTE AU CAS O\u00d9 VOUS EN AVEZ BESOIN Vous visitez le r\u00e9seau de sentiers Minto\u2026 mais vous n&rsquo;avez pas de v\u00e9lo? Pas de soucis. Nous avons quelques options de location. MintoLe Village de Minto propose des locations de v\u00e9los GRATUITES! Semi-rigides Norco Storm et Trek Marlin tailles S-XL. Voici comment!Appelez le Village de Minto au [&hellip;]<\/p>\n","protected":false},"author":1,"featured_media":3377,"parent":0,"menu_order":0,"comment_status":"closed","ping_status":"closed","template":"","meta":{"jetpack_post_was_ever_published":false,"footnotes":""},"class_list":["post-3444","page","type-page","status-publish","has-post-thumbnail","hentry"],"jetpack_sharing_enabled":true,"jetpack_shortlink":"https:\/\/wp.me\/P8cok7-Ty","_links":{"self":[{"href":"https:\/\/mtbminto.com\/fr\/wp-json\/wp\/v2\/pages\/3444","targetHints":{"allow":["GET"]}}],"collection":[{"href":"https:\/\/mtbminto.com\/fr\/wp-json\/wp\/v2\/pages"}],"about":[{"href":"https:\/\/mtbminto.com\/fr\/wp-json\/wp\/v2\/types\/page"}],"author":[{"embeddable":true,"href":"https:\/\/mtbminto.com\/fr\/wp-json\/wp\/v2\/users\/1"}],"replies":[{"embeddable":true,"href":"https:\/\/mtbminto.com\/fr\/wp-json\/wp\/v2\/comments?post=3444"}],"version-history":[{"count":2,"href":"https:\/\/mtbminto.com\/fr\/wp-json\/wp\/v2\/pages\/3444\/revisions"}],"predecessor-version":[{"id":3446,"href":"https:\/\/mtbminto.com\/fr\/wp-json\/wp\/v2\/pages\/3444\/revisions\/3446"}],"wp:featuredmedia":[{"embeddable":true,"href":"https:\/\/mtbminto.com\/fr\/wp-json\/wp\/v2\/media\/3377"}],"wp:attachment":[{"href":"https:\/\/mtbminto.com\/fr\/wp-json\/wp\/v2\/media?parent=3444"}],"curies":[{"name":"wp","href":"https:\/\/api.w.org\/{rel}","templated":true}]}}