{"id":3442,"date":"2020-06-30T12:38:42","date_gmt":"2020-06-30T15:38:42","guid":{"rendered":"https:\/\/mtbminto.com\/?page_id=3442"},"modified":"2026-03-18T10:02:25","modified_gmt":"2026-03-18T13:02:25","slug":"laissez-passer-pour-les-sentiers","status":"publish","type":"page","link":"https:\/\/mtbminto.com\/fr\/laissez-passer-pour-les-sentiers\/","title":{"rendered":"Laissez-passer pour les sentiers"},"content":{"rendered":"\n<h3 class=\"wp-block-heading has-text-align-center\">Laissez-passer VTT<\/h3>\n\n\n\n<p class=\"has-text-align-center\"><strong>NOUS AVONS VRAIMENT BESOIN DE VOTRE AIDE !<\/strong> Une grande partie de ce que nous faisons n\u2019est <strong>POSSIBLE QUE<\/strong> gr\u00e2ce \u00e0 l\u2019argent g\u00e9n\u00e9r\u00e9 par les <strong>TRAIL PASSES&nbsp;!<\/strong><br><br>Les laissez-passer sont <strong>TOTALEMENT VOLONTAIRES<\/strong>, comme toujours, mais <strong>S&rsquo;IL VOUS PLAIT<\/strong>&#8230; nous savons que vous aimez les sentiers &#8211; c&rsquo;est ainsi que vous pouvez le montrer d&rsquo;une mani\u00e8re qui <strong>COMPTE<\/strong> vraiment.<br><\/p>\n\n\n<div class=\"wp-block-image\">\n<figure class=\"aligncenter size-large\"><img data-recalc-dims=\"1\" loading=\"lazy\" decoding=\"async\" width=\"640\" height=\"224\" src=\"https:\/\/i0.wp.com\/www.mtbminto.com\/wp-content\/uploads\/2022\/04\/Screen-Shot-2022-04-18-at-9.40.15-AM-1024x359.png?resize=640%2C224\" alt=\"\" class=\"wp-image-1466\" srcset=\"https:\/\/i0.wp.com\/mtbminto.com\/wp-content\/uploads\/2022\/04\/Screen-Shot-2022-04-18-at-9.40.15-AM.png?resize=1024%2C359&amp;ssl=1 1024w, https:\/\/i0.wp.com\/mtbminto.com\/wp-content\/uploads\/2022\/04\/Screen-Shot-2022-04-18-at-9.40.15-AM.png?resize=300%2C105&amp;ssl=1 300w, https:\/\/i0.wp.com\/mtbminto.com\/wp-content\/uploads\/2022\/04\/Screen-Shot-2022-04-18-at-9.40.15-AM.png?resize=768%2C270&amp;ssl=1 768w, https:\/\/i0.wp.com\/mtbminto.com\/wp-content\/uploads\/2022\/04\/Screen-Shot-2022-04-18-at-9.40.15-AM.png?resize=228%2C80&amp;ssl=1 228w, https:\/\/i0.wp.com\/mtbminto.com\/wp-content\/uploads\/2022\/04\/Screen-Shot-2022-04-18-at-9.40.15-AM.png?w=1168&amp;ssl=1 1168w\" sizes=\"auto, (max-width: 640px) 100vw, 640px\" \/><\/figure>\n<\/div>\n\n\n<p class=\"has-text-align-center\">L&rsquo;achat d&rsquo;un pass trail vous permet d&rsquo;obtenir un autocollant sympa que vous pouvez apposer sur votre v\u00e9lo, votre voiture ou tout autre objet solide.<\/p>\n\n\n\n<p class=\"has-text-align-center\"><\/p>\n\n\n\n<p class=\"has-text-align-center\"><\/p>\n\n\n\n<h3 class=\"wp-block-heading\">Cavalier local (Gratuit)<\/h3>\n\n\n\n<p>Les habitants voyagent gratuitement ! Nous reconnaissons la communaut\u00e9 dans laquelle nous sommes situ\u00e9s. Le riche patrimoine minier de Minto a contribu\u00e9 \u00e0 fa\u00e7onner le terrain sur lequel nos sentiers se trouvent aujourd&rsquo;hui.<br>Communiquez avec le Village de Minto pour en savoir plus sur la location gratuite de v\u00e9los.<\/p>\n\n\n\n<h3 class=\"wp-block-heading\">Adh\u00e9sion de saison (50 $)<\/h3>\n\n\n\n<p>Un abonnement unique pour vous permettre d&rsquo;enfourcher votre v\u00e9lo et de parcourir les sentiers du MTBM pour la saison.<\/p>\n\n\n\n<h3 class=\"wp-block-heading\">Pass Famille (75 $)<\/h3>\n\n\n\n<p>Du plaisir pour toute la famille! L&rsquo;abonnement Famille comprend tous les membres de votre famille imm\u00e9diate pour la saison.<\/p>\n\n\n\n<h3 class=\"wp-block-heading\">De passage \/ Passe week-end (25 $)<\/h3>\n\n\n\n<p>Que vous soyez de passage ou que vous nous rejoigniez pour un week-end, ce pass de 3 jours vous couvre.<\/p>\n\n\n\n<h3 class=\"wp-block-heading\">Pour l&rsquo;amour (et le soutien) du Ride (100 $)<\/h3>\n\n\n\n<p>Vous aimez les sentiers et souhaitez reconna\u00eetre la sueur et les larmes de sang que nos b\u00e9n\u00e9voles y ont vers\u00e9es. Pensez \u00e0 ajouter un don \u00e0 l&rsquo;achat de votre laissez-passer.<\/p>\n\n\n\n<div class=\"wp-block-buttons is-layout-flex wp-block-buttons-is-layout-flex\">\n<div class=\"wp-block-button\"><a class=\"wp-block-button__link has-black-color has-luminous-vivid-amber-background-color has-text-color has-background wp-element-button\" href=\"https:\/\/www.tinytrails.co\/products\/mtb-minto-trail-pass\" target=\"_blank\" rel=\"noreferrer noopener\">Achetez des laissez-passer pour les sentiers maintenant !<\/a><\/div>\n<\/div>\n\n\n\n<p>O\u00f9 r\u00e9cup\u00e9rer les pass :<br><br><strong>Tiny Trails (pendant la saison ouverte):<\/strong><br><\/p>\n\n\n\n<p>164, chemin New England, New England Settlement, N.-B., E4B 3S7<br>Vendredi : 9h &#8211; 21h<br>Samedi : 9h &#8211; 21h<br>Dimanche : 9h &#8211; 17h<\/p>\n\n\n\n<p><strong>Village de Minto<\/strong>&nbsp;<br>420, promenade Pleasant, Minto (N.-B.) E4B 2T3<br>Lundi \u2013 Vendredi : 7h \u2013 15h<\/p>\n","protected":false},"excerpt":{"rendered":"<p>Laissez-passer VTT NOUS AVONS VRAIMENT BESOIN DE VOTRE AIDE ! Une grande partie de ce que nous faisons n\u2019est POSSIBLE QUE gr\u00e2ce \u00e0 l\u2019argent g\u00e9n\u00e9r\u00e9 par les TRAIL PASSES&nbsp;! Les laissez-passer sont TOTALEMENT VOLONTAIRES, comme toujours, mais S&rsquo;IL VOUS PLAIT&#8230; nous savons que vous aimez les sentiers &#8211; c&rsquo;est ainsi que vous pouvez le montrer [&hellip;]<\/p>\n","protected":false},"author":1,"featured_media":6545,"parent":0,"menu_order":0,"comment_status":"closed","ping_status":"closed","template":"","meta":{"jetpack_post_was_ever_published":false,"footnotes":""},"class_list":["post-3442","page","type-page","status-publish","has-post-thumbnail","hentry"],"jetpack_sharing_enabled":true,"jetpack_shortlink":"https:\/\/wp.me\/P8cok7-Tw","_links":{"self":[{"href":"https:\/\/mtbminto.com\/fr\/wp-json\/wp\/v2\/pages\/3442","targetHints":{"allow":["GET"]}}],"collection":[{"href":"https:\/\/mtbminto.com\/fr\/wp-json\/wp\/v2\/pages"}],"about":[{"href":"https:\/\/mtbminto.com\/fr\/wp-json\/wp\/v2\/types\/page"}],"author":[{"embeddable":true,"href":"https:\/\/mtbminto.com\/fr\/wp-json\/wp\/v2\/users\/1"}],"replies":[{"embeddable":true,"href":"https:\/\/mtbminto.com\/fr\/wp-json\/wp\/v2\/comments?post=3442"}],"version-history":[{"count":4,"href":"https:\/\/mtbminto.com\/fr\/wp-json\/wp\/v2\/pages\/3442\/revisions"}],"predecessor-version":[{"id":6317,"href":"https:\/\/mtbminto.com\/fr\/wp-json\/wp\/v2\/pages\/3442\/revisions\/6317"}],"wp:featuredmedia":[{"embeddable":true,"href":"https:\/\/mtbminto.com\/fr\/wp-json\/wp\/v2\/media\/6545"}],"wp:attachment":[{"href":"https:\/\/mtbminto.com\/fr\/wp-json\/wp\/v2\/media?parent=3442"}],"curies":[{"name":"wp","href":"https:\/\/api.w.org\/{rel}","templated":true}]}}