{"id":3436,"date":"2021-03-25T13:32:28","date_gmt":"2021-03-25T16:32:28","guid":{"rendered":"https:\/\/mtbminto.com\/?page_id=3436"},"modified":"2023-06-06T10:30:07","modified_gmt":"2023-06-06T13:30:07","slug":"regles-et-etiquette-des-sentiers","status":"publish","type":"page","link":"https:\/\/mtbminto.com\/fr\/regles-et-etiquette-des-sentiers\/","title":{"rendered":"R\u00e8gles et \u00e9tiquette des sentiers"},"content":{"rendered":"\n<h3 class=\"has-text-align-center wp-block-heading\">C&rsquo;EST \u00c9VIDENT, MAIS IL FAUT ENCORE LE DIRE<\/h3>\n\n\n\n<p><strong>Roulez sur les sentiers ouverts : <\/strong>respectez les fermetures de sentiers et de routes. Consultez Trailforks ou notre site Web pour les mises \u00e0 jour et les alertes sur l&rsquo;\u00e9tat des sentiers.<\/p>\n\n\n\n<p><strong>Contr\u00f4lez votre v\u00e9lo :<\/strong> roulez dans vos limites. L&rsquo;inattention, m\u00eame pour un instant, pourrait vous mettre en danger, ainsi que les autres.<\/p>\n\n\n\n<p><strong>Ne laissez aucune trace : <\/strong>faites de votre mieux pour ne pas endommager ou modifier les sentiers que nos constructeurs de sentiers ont travaill\u00e9 dur pour cr\u00e9er. Assurez-vous d&#8217;emporter ce que vous avez emball\u00e9.<\/p>\n\n\n\n<p><strong>Planifiez \u00e0 l&rsquo;avance :<\/strong> Connaissez votre \u00e9quipement, vos capacit\u00e9s et la zone dans laquelle vous roulez et pr\u00e9parez-vous en cons\u00e9quence. Emballez les fournitures appropri\u00e9es pour votre voyage.<\/p>\n\n\n\n<p><strong>C\u00e9dez de mani\u00e8re appropri\u00e9e :<\/strong> informez les autres utilisateurs du sentier que vous venez. Anticipez les autres utilisateurs du sentier dans les virages ou dans les angles morts. C\u00e9dez le passage aux croisements de sentiers pour les v\u00e9hicules venant en sens inverse.<\/p>\n\n\n\n<p><strong>Ne jamais effrayer les animaux :<\/strong> les animaux sont facilement effray\u00e9s par une approche inopin\u00e9e, un mouvement soudain ou un bruit fort. Donnez aux animaux plus d&rsquo;espace et de temps pour s&rsquo;adapter \u00e0 vous.<\/p>\n\n\n\n<p><strong>Politique concernant les chiens : <\/strong>Les chiens doivent \u00eatre sous contr\u00f4le \u00e0 tout moment, de pr\u00e9f\u00e9rence tenus en laisse. Si votre chien a des ant\u00e9c\u00e9dents d&rsquo;agressivit\u00e9, nous vous demandons de le laisser \u00e0 la maison. En fin de compte, le contr\u00f4le du chien et du comportement du chien rel\u00e8ve de la responsabilit\u00e9 du propri\u00e9taire.<\/p>\n\n\n\n<p><strong>Laissez-passer de sentier :<\/strong> Les laissez-passer de sentier sont fortement encourag\u00e9s \u00e0 parcourir le r\u00e9seau de sentiers Mountain Bike Minto.<\/p>\n\n\n\n<p><strong>Amusez-vous : <\/strong>profitez de la balade et red\u00e9couvrez pourquoi vous \u00eates tomb\u00e9 amoureux du VTT.<\/p>\n\n\n\n<p>Les sentiers sont ouverts aux :<\/p>\n\n\n\n<figure class=\"wp-block-image size-large\"><img data-recalc-dims=\"1\" loading=\"lazy\" decoding=\"async\" width=\"640\" height=\"112\" src=\"https:\/\/i0.wp.com\/www.mtbminto.com\/wp-content\/uploads\/2021\/03\/Dos-1024x179.png?resize=640%2C112&#038;ssl=1\" alt=\"\" class=\"wp-image-1114\" srcset=\"https:\/\/i0.wp.com\/mtbminto.com\/wp-content\/uploads\/2021\/03\/Dos.png?resize=1024%2C179&amp;ssl=1 1024w, https:\/\/i0.wp.com\/mtbminto.com\/wp-content\/uploads\/2021\/03\/Dos.png?resize=300%2C52&amp;ssl=1 300w, https:\/\/i0.wp.com\/mtbminto.com\/wp-content\/uploads\/2021\/03\/Dos.png?resize=768%2C134&amp;ssl=1 768w, https:\/\/i0.wp.com\/mtbminto.com\/wp-content\/uploads\/2021\/03\/Dos.png?resize=1536%2C269&amp;ssl=1 1536w, https:\/\/i0.wp.com\/mtbminto.com\/wp-content\/uploads\/2021\/03\/Dos.png?w=2048&amp;ssl=1 2048w, https:\/\/i0.wp.com\/mtbminto.com\/wp-content\/uploads\/2021\/03\/Dos.png?resize=228%2C40&amp;ssl=1 228w, https:\/\/i0.wp.com\/mtbminto.com\/wp-content\/uploads\/2021\/03\/Dos.png?w=1280&amp;ssl=1 1280w, https:\/\/i0.wp.com\/mtbminto.com\/wp-content\/uploads\/2021\/03\/Dos.png?w=1920&amp;ssl=1 1920w\" sizes=\"auto, (max-width: 640px) 100vw, 640px\" \/><\/figure>\n\n\n\n<p><em>Photo de la banni\u00e8re sup\u00e9rieure avec l&rsquo;aimable autorisation de MTBAtlantic.<\/em><\/p>\n","protected":false},"excerpt":{"rendered":"<p>C&rsquo;EST \u00c9VIDENT, MAIS IL FAUT ENCORE LE DIRE Roulez sur les sentiers ouverts : respectez les fermetures de sentiers et de routes. Consultez Trailforks ou notre site Web pour les mises \u00e0 jour et les alertes sur l&rsquo;\u00e9tat des sentiers. Contr\u00f4lez votre v\u00e9lo : roulez dans vos limites. L&rsquo;inattention, m\u00eame pour un instant, pourrait vous [&hellip;]<\/p>\n","protected":false},"author":1,"featured_media":3357,"parent":0,"menu_order":0,"comment_status":"closed","ping_status":"closed","template":"","meta":{"jetpack_post_was_ever_published":false,"footnotes":""},"class_list":["post-3436","page","type-page","status-publish","has-post-thumbnail","hentry"],"jetpack_sharing_enabled":true,"jetpack_shortlink":"https:\/\/wp.me\/P8cok7-Tq","_links":{"self":[{"href":"https:\/\/mtbminto.com\/fr\/wp-json\/wp\/v2\/pages\/3436","targetHints":{"allow":["GET"]}}],"collection":[{"href":"https:\/\/mtbminto.com\/fr\/wp-json\/wp\/v2\/pages"}],"about":[{"href":"https:\/\/mtbminto.com\/fr\/wp-json\/wp\/v2\/types\/page"}],"author":[{"embeddable":true,"href":"https:\/\/mtbminto.com\/fr\/wp-json\/wp\/v2\/users\/1"}],"replies":[{"embeddable":true,"href":"https:\/\/mtbminto.com\/fr\/wp-json\/wp\/v2\/comments?post=3436"}],"version-history":[{"count":2,"href":"https:\/\/mtbminto.com\/fr\/wp-json\/wp\/v2\/pages\/3436\/revisions"}],"predecessor-version":[{"id":3440,"href":"https:\/\/mtbminto.com\/fr\/wp-json\/wp\/v2\/pages\/3436\/revisions\/3440"}],"wp:featuredmedia":[{"embeddable":true,"href":"https:\/\/mtbminto.com\/fr\/wp-json\/wp\/v2\/media\/3357"}],"wp:attachment":[{"href":"https:\/\/mtbminto.com\/fr\/wp-json\/wp\/v2\/media?parent=3436"}],"curies":[{"name":"wp","href":"https:\/\/api.w.org\/{rel}","templated":true}]}}