{"id":3419,"date":"2018-06-19T15:03:44","date_gmt":"2018-06-19T18:03:44","guid":{"rendered":"https:\/\/mtbminto.com\/?page_id=3419"},"modified":"2023-06-06T10:31:34","modified_gmt":"2023-06-06T13:31:34","slug":"about-mountain-bike-minto-fr","status":"publish","type":"page","link":"https:\/\/mtbminto.com\/fr\/about-mountain-bike-minto-fr\/","title":{"rendered":"\u00c0 propos de MTB Minto"},"content":{"rendered":"\n<h3 class=\"has-text-align-center wp-block-heading\">UN PEU D&rsquo;HISTOIRE<\/h3>\n\n\n\n<p class=\"has-text-align-center\">L&rsquo;extraction du charbon a commenc\u00e9 \u00e0 Minto en 1639, avec des mines \u00e0 ciel ouvert et des mines \u00e0 ciel ouvert utilis\u00e9es pour d\u00e9terrer cette ressource. Apr\u00e8s pr\u00e8s de 400 ans, l&rsquo;extraction du charbon a pris fin en 2010, laissant derri\u00e8re elle d&rsquo;\u00e9normes cr\u00eates de morts-terrains, des ravins aux parois abruptes, des lacs turquoise et des centaines de kilom\u00e8tres de tunnels souterrains.<\/p>\n\n\n\n<p class=\"has-text-align-center\">En 2012, le m\u00e9decin de Minto, le Dr Sean Morrissy, cherchait un endroit pour faire du v\u00e9lo de montagne apr\u00e8s le travail. Inspir\u00e9 par la beaut\u00e9 du Nouveau-Brunswick qu&rsquo;il a trouv\u00e9e dans des endroits comme le parc national Fundy, il s&rsquo;est dit\u2026 \u00ab pourquoi pas ici ? \u00bb<\/p>\n\n\n\n<p class=\"has-text-align-center\">D\u00e8s qu&rsquo;il est entr\u00e9 dans les bois derri\u00e8re son bureau, il a trouv\u00e9 quelque chose de totalement inattendu. Un paradis du VTT. 400 ans d&rsquo;exploitation mini\u00e8re avaient laiss\u00e9 d&rsquo;\u00e9normes \u00e9l\u00e9ments artificiels maintenant recouverts de 50 ans de for\u00eat qui semblaient sp\u00e9cialement con\u00e7ues pour le v\u00e9lo de montagne. Le paysage bizarre fait des sentiers rapides et fluides, ponctu\u00e9s de descentes abruptes, de mont\u00e9es abruptes et de vues sans fin sur le front de mer. Cette mine de charbon abandonn\u00e9e n&rsquo;\u00e9tait rien de moins qu&rsquo;une mine d&rsquo;or pour le VTT.<\/p>\n\n\n\n<p class=\"has-text-align-center\">Ce qui a commenc\u00e9 comme 4 km de singletrack \u00e0 usage personnel ne pouvait pas \u00eatre gard\u00e9 secret. Les coureurs locaux ont d\u00e9couvert le r\u00e9seau de sentiers et un an plus tard, suivis par des coureurs de partout dans les Maritimes, au Qu\u00e9bec et dans le Nord-Est am\u00e9ricain. Les m\u00e9dias ont alors eu vent de ce ph\u00e9nom\u00e8ne o\u00f9 le VTT transformait une ville mini\u00e8re mourante en une destination touristique, transformant une friche per\u00e7ue en un paradis du v\u00e9lo. Les sentiers ont \u00e9t\u00e9 pr\u00e9sent\u00e9s dans les m\u00e9dias locaux, nationaux et internationaux, notamment Bike Magazine, Canadian Cycling Magazine et National Geographic.<\/p>\n\n\n\n<p class=\"has-text-align-center\">Maintenant, Mountain Bike Minto Inc. s&rsquo;occupe de plus de 40 km de certains des meilleurs sentiers \u00e0 voie unique de l&rsquo;Est du Canada et accueille plus de 4000 cyclistes par an, des courses de v\u00e9lo de montagne, des \u00e9v\u00e9nements de fondo, des randonneurs, des skieurs, des raquetteurs et plus encore.<\/p>\n\n\n\n<p class=\"has-text-align-center\">Le tout dans notre propre arri\u00e8re-cour.<\/p>\n\n\n\n<p><\/p>\n\n\n\n<h3 class=\"has-text-align-center wp-block-heading\">Nos valeurs<\/h3>\n\n\n\n<div class=\"wp-block-columns are-vertically-aligned-center is-layout-flex wp-container-core-columns-is-layout-9d6595d7 wp-block-columns-is-layout-flex\">\n<div class=\"wp-block-column is-vertically-aligned-center is-layout-flow wp-block-column-is-layout-flow\" style=\"flex-basis:100%\">\n<div class=\"wp-block-columns are-vertically-aligned-top is-layout-flex wp-container-core-columns-is-layout-9d6595d7 wp-block-columns-is-layout-flex\">\n<div class=\"wp-block-column is-vertically-aligned-top is-layout-flow wp-block-column-is-layout-flow\"><div class=\"wp-block-image\">\n<figure class=\"aligncenter size-full is-resized\"><img data-recalc-dims=\"1\" loading=\"lazy\" decoding=\"async\" src=\"https:\/\/i0.wp.com\/www.mtbminto.com\/wp-content\/uploads\/2021\/03\/Pic1.png?resize=105%2C105&#038;ssl=1\" alt=\"\" class=\"wp-image-1154\" width=\"105\" height=\"105\" srcset=\"https:\/\/i0.wp.com\/mtbminto.com\/wp-content\/uploads\/2021\/03\/Pic1.png?w=419&amp;ssl=1 419w, https:\/\/i0.wp.com\/mtbminto.com\/wp-content\/uploads\/2021\/03\/Pic1.png?resize=300%2C300&amp;ssl=1 300w, https:\/\/i0.wp.com\/mtbminto.com\/wp-content\/uploads\/2021\/03\/Pic1.png?resize=150%2C150&amp;ssl=1 150w, https:\/\/i0.wp.com\/mtbminto.com\/wp-content\/uploads\/2021\/03\/Pic1.png?resize=70%2C70&amp;ssl=1 70w, https:\/\/i0.wp.com\/mtbminto.com\/wp-content\/uploads\/2021\/03\/Pic1.png?resize=127%2C127&amp;ssl=1 127w, https:\/\/i0.wp.com\/mtbminto.com\/wp-content\/uploads\/2021\/03\/Pic1.png?resize=125%2C125&amp;ssl=1 125w, https:\/\/i0.wp.com\/mtbminto.com\/wp-content\/uploads\/2021\/03\/Pic1.png?resize=116%2C116&amp;ssl=1 116w\" sizes=\"auto, (max-width: 105px) 100vw, 105px\" \/><\/figure>\n<\/div>\n\n\n<p class=\"has-text-align-center\"><strong>Un r\u00e9seau de sentiers de pointe :<\/strong> un r\u00e9seau de sentiers de haute qualit\u00e9, bien entretenu et durable qui respecte le terrain et attire divers cyclistes.<\/p>\n\n\n\n<p><\/p>\n<\/div>\n\n\n\n<div class=\"wp-block-column is-vertically-aligned-top is-layout-flow wp-block-column-is-layout-flow\"><div class=\"wp-block-image\">\n<figure class=\"aligncenter size-full is-resized\"><img data-recalc-dims=\"1\" loading=\"lazy\" decoding=\"async\" src=\"https:\/\/i0.wp.com\/www.mtbminto.com\/wp-content\/uploads\/2021\/03\/Pic2.png?resize=105%2C105&#038;ssl=1\" alt=\"\" class=\"wp-image-1156\" width=\"105\" height=\"105\" srcset=\"https:\/\/i0.wp.com\/mtbminto.com\/wp-content\/uploads\/2021\/03\/Pic2.png?w=419&amp;ssl=1 419w, https:\/\/i0.wp.com\/mtbminto.com\/wp-content\/uploads\/2021\/03\/Pic2.png?resize=300%2C300&amp;ssl=1 300w, https:\/\/i0.wp.com\/mtbminto.com\/wp-content\/uploads\/2021\/03\/Pic2.png?resize=150%2C150&amp;ssl=1 150w, https:\/\/i0.wp.com\/mtbminto.com\/wp-content\/uploads\/2021\/03\/Pic2.png?resize=70%2C70&amp;ssl=1 70w, https:\/\/i0.wp.com\/mtbminto.com\/wp-content\/uploads\/2021\/03\/Pic2.png?resize=127%2C127&amp;ssl=1 127w, https:\/\/i0.wp.com\/mtbminto.com\/wp-content\/uploads\/2021\/03\/Pic2.png?resize=125%2C125&amp;ssl=1 125w, https:\/\/i0.wp.com\/mtbminto.com\/wp-content\/uploads\/2021\/03\/Pic2.png?resize=116%2C116&amp;ssl=1 116w\" sizes=\"auto, (max-width: 105px) 100vw, 105px\" \/><\/figure>\n<\/div>\n\n\n<p class=\"has-text-align-center\"><strong>Quelque chose pour tous les niveaux de conduite : <\/strong>Un vaste r\u00e9seau de sentiers s\u00e9curitaires et progressifs qui a quelque chose pour les nouveaux cyclistes, les familles, les cyclistes r\u00e9cr\u00e9atifs et d&rsquo;\u00e9lite.<\/p>\n\n\n\n<p><\/p>\n<\/div>\n\n\n\n<div class=\"wp-block-column is-vertically-aligned-top is-layout-flow wp-block-column-is-layout-flow\"><div class=\"wp-block-image\">\n<figure class=\"aligncenter size-full is-resized\"><img data-recalc-dims=\"1\" loading=\"lazy\" decoding=\"async\" src=\"https:\/\/i0.wp.com\/www.mtbminto.com\/wp-content\/uploads\/2021\/03\/Pic3.png?resize=105%2C105&#038;ssl=1\" alt=\"\" class=\"wp-image-1157\" width=\"105\" height=\"105\" srcset=\"https:\/\/i0.wp.com\/mtbminto.com\/wp-content\/uploads\/2021\/03\/Pic3.png?w=419&amp;ssl=1 419w, https:\/\/i0.wp.com\/mtbminto.com\/wp-content\/uploads\/2021\/03\/Pic3.png?resize=300%2C300&amp;ssl=1 300w, https:\/\/i0.wp.com\/mtbminto.com\/wp-content\/uploads\/2021\/03\/Pic3.png?resize=150%2C150&amp;ssl=1 150w, https:\/\/i0.wp.com\/mtbminto.com\/wp-content\/uploads\/2021\/03\/Pic3.png?resize=70%2C70&amp;ssl=1 70w, https:\/\/i0.wp.com\/mtbminto.com\/wp-content\/uploads\/2021\/03\/Pic3.png?resize=127%2C127&amp;ssl=1 127w, https:\/\/i0.wp.com\/mtbminto.com\/wp-content\/uploads\/2021\/03\/Pic3.png?resize=125%2C125&amp;ssl=1 125w, https:\/\/i0.wp.com\/mtbminto.com\/wp-content\/uploads\/2021\/03\/Pic3.png?resize=116%2C116&amp;ssl=1 116w\" sizes=\"auto, (max-width: 105px) 100vw, 105px\" \/><\/figure>\n<\/div>\n\n\n<p class=\"has-text-align-center\"><strong>Racines de l&rsquo;exploitation houill\u00e8re : <\/strong>Nous honorons et faisons progresser la riche histoire de l&rsquo;exploitation houill\u00e8re du site et du village de Minto.<\/p>\n\n\n\n<p><\/p>\n<\/div>\n<\/div>\n<\/div>\n<\/div>\n\n\n\n<div class=\"wp-block-columns is-layout-flex wp-container-core-columns-is-layout-9d6595d7 wp-block-columns-is-layout-flex\">\n<div class=\"wp-block-column is-layout-flow wp-block-column-is-layout-flow\"><div class=\"wp-block-image\">\n<figure class=\"aligncenter size-full is-resized\"><img data-recalc-dims=\"1\" loading=\"lazy\" decoding=\"async\" src=\"https:\/\/i0.wp.com\/www.mtbminto.com\/wp-content\/uploads\/2021\/03\/Pic4.png?resize=105%2C105&#038;ssl=1\" alt=\"\" class=\"wp-image-1158\" width=\"105\" height=\"105\" srcset=\"https:\/\/i0.wp.com\/mtbminto.com\/wp-content\/uploads\/2021\/03\/Pic4.png?w=419&amp;ssl=1 419w, https:\/\/i0.wp.com\/mtbminto.com\/wp-content\/uploads\/2021\/03\/Pic4.png?resize=300%2C300&amp;ssl=1 300w, https:\/\/i0.wp.com\/mtbminto.com\/wp-content\/uploads\/2021\/03\/Pic4.png?resize=150%2C150&amp;ssl=1 150w, https:\/\/i0.wp.com\/mtbminto.com\/wp-content\/uploads\/2021\/03\/Pic4.png?resize=70%2C70&amp;ssl=1 70w, https:\/\/i0.wp.com\/mtbminto.com\/wp-content\/uploads\/2021\/03\/Pic4.png?resize=127%2C127&amp;ssl=1 127w, https:\/\/i0.wp.com\/mtbminto.com\/wp-content\/uploads\/2021\/03\/Pic4.png?resize=125%2C125&amp;ssl=1 125w, https:\/\/i0.wp.com\/mtbminto.com\/wp-content\/uploads\/2021\/03\/Pic4.png?resize=116%2C116&amp;ssl=1 116w\" sizes=\"auto, (max-width: 105px) 100vw, 105px\" \/><\/figure>\n<\/div>\n\n\n<p class=\"has-text-align-center\"><strong>Amusant de faire partie de : <\/strong>Une exp\u00e9rience agr\u00e9able pour toutes les personnes impliqu\u00e9es, en tant que cycliste, r\u00e9sident, sponsor et b\u00e9n\u00e9vole.<\/p>\n\n\n\n<p><\/p>\n<\/div>\n\n\n\n<div class=\"wp-block-column is-layout-flow wp-block-column-is-layout-flow\"><div class=\"wp-block-image\">\n<figure class=\"aligncenter size-full is-resized\"><img data-recalc-dims=\"1\" loading=\"lazy\" decoding=\"async\" src=\"https:\/\/i0.wp.com\/www.mtbminto.com\/wp-content\/uploads\/2021\/03\/Pic5.jpg?resize=105%2C105&#038;ssl=1\" alt=\"\" class=\"wp-image-1159\" width=\"105\" height=\"105\" srcset=\"https:\/\/i0.wp.com\/mtbminto.com\/wp-content\/uploads\/2021\/03\/Pic5.jpg?w=419&amp;ssl=1 419w, https:\/\/i0.wp.com\/mtbminto.com\/wp-content\/uploads\/2021\/03\/Pic5.jpg?resize=300%2C300&amp;ssl=1 300w, https:\/\/i0.wp.com\/mtbminto.com\/wp-content\/uploads\/2021\/03\/Pic5.jpg?resize=150%2C150&amp;ssl=1 150w, https:\/\/i0.wp.com\/mtbminto.com\/wp-content\/uploads\/2021\/03\/Pic5.jpg?resize=70%2C70&amp;ssl=1 70w, https:\/\/i0.wp.com\/mtbminto.com\/wp-content\/uploads\/2021\/03\/Pic5.jpg?resize=127%2C127&amp;ssl=1 127w, https:\/\/i0.wp.com\/mtbminto.com\/wp-content\/uploads\/2021\/03\/Pic5.jpg?resize=125%2C125&amp;ssl=1 125w, https:\/\/i0.wp.com\/mtbminto.com\/wp-content\/uploads\/2021\/03\/Pic5.jpg?resize=116%2C116&amp;ssl=1 116w\" sizes=\"auto, (max-width: 105px) 100vw, 105px\" \/><\/figure>\n<\/div>\n\n\n<p class=\"has-text-align-center\"><strong>Membre actif de la communaut\u00e9 : <\/strong>Contribue activement au d\u00e9veloppement de la communaut\u00e9 de Minto et du paysage r\u00e9cr\u00e9atif de la r\u00e9gion.<\/p>\n<\/div>\n<\/div>\n\n\n\n<div class=\"wp-block-columns is-layout-flex wp-container-core-columns-is-layout-9d6595d7 wp-block-columns-is-layout-flex\">\n<div class=\"wp-block-column is-vertically-aligned-center is-layout-flow wp-block-column-is-layout-flow\"><\/div>\n<\/div>\n\n\n\n\n\n<p><\/p>\n","protected":false},"excerpt":{"rendered":"<p>UN PEU D&rsquo;HISTOIRE L&rsquo;extraction du charbon a commenc\u00e9 \u00e0 Minto en 1639, avec des mines \u00e0 ciel ouvert et des mines \u00e0 ciel ouvert utilis\u00e9es pour d\u00e9terrer cette ressource. Apr\u00e8s pr\u00e8s de 400 ans, l&rsquo;extraction du charbon a pris fin en 2010, laissant derri\u00e8re elle d&rsquo;\u00e9normes cr\u00eates de morts-terrains, des ravins aux parois abruptes, des [&hellip;]<\/p>\n","protected":false},"author":1,"featured_media":3354,"parent":0,"menu_order":0,"comment_status":"closed","ping_status":"closed","template":"","meta":{"jetpack_post_was_ever_published":false,"footnotes":""},"class_list":["post-3419","page","type-page","status-publish","has-post-thumbnail","hentry"],"jetpack_sharing_enabled":true,"jetpack_shortlink":"https:\/\/wp.me\/P8cok7-T9","_links":{"self":[{"href":"https:\/\/mtbminto.com\/fr\/wp-json\/wp\/v2\/pages\/3419","targetHints":{"allow":["GET"]}}],"collection":[{"href":"https:\/\/mtbminto.com\/fr\/wp-json\/wp\/v2\/pages"}],"about":[{"href":"https:\/\/mtbminto.com\/fr\/wp-json\/wp\/v2\/types\/page"}],"author":[{"embeddable":true,"href":"https:\/\/mtbminto.com\/fr\/wp-json\/wp\/v2\/users\/1"}],"replies":[{"embeddable":true,"href":"https:\/\/mtbminto.com\/fr\/wp-json\/wp\/v2\/comments?post=3419"}],"version-history":[{"count":3,"href":"https:\/\/mtbminto.com\/fr\/wp-json\/wp\/v2\/pages\/3419\/revisions"}],"predecessor-version":[{"id":3441,"href":"https:\/\/mtbminto.com\/fr\/wp-json\/wp\/v2\/pages\/3419\/revisions\/3441"}],"wp:featuredmedia":[{"embeddable":true,"href":"https:\/\/mtbminto.com\/fr\/wp-json\/wp\/v2\/media\/3354"}],"wp:attachment":[{"href":"https:\/\/mtbminto.com\/fr\/wp-json\/wp\/v2\/media?parent=3419"}],"curies":[{"name":"wp","href":"https:\/\/api.w.org\/{rel}","templated":true}]}}