{"id":3414,"date":"2018-06-19T15:24:30","date_gmt":"2018-06-19T18:24:30","guid":{"rendered":"https:\/\/mtbminto.com\/?page_id=3414"},"modified":"2024-02-28T10:34:03","modified_gmt":"2024-02-28T13:34:03","slug":"a-trail-system-unlike-any-other-fr","status":"publish","type":"page","link":"https:\/\/mtbminto.com\/fr\/","title":{"rendered":"UN SYST\u00c8ME DE SENTIERS PAS COMME LES AUTRES"},"content":{"rendered":"\n<p class=\"has-text-align-center\">MTBM offre une exp\u00e9rience unique sur deux roues pas comme les autres. Sculpt\u00e9 par d&rsquo;\u00e9normes engins de terrassement \u00e0 l&rsquo;\u00e9poque des mines de charbon, le paysage offre d\u00e9sormais une mine d&rsquo;or de sentiers, de vues et de caract\u00e9ristiques pour le v\u00e9lo de montagne comme aucun autre r\u00e9seau de sentiers.<\/p>\n\n<p><\/p>\n\n<h5 class=\"has-text-align-center wp-block-heading\">Merci \u00e0 nos sponsors<\/h5>\n\n<figure class=\"wp-block-image size-full\"><img data-recalc-dims=\"1\" loading=\"lazy\" decoding=\"async\" width=\"640\" height=\"275\" src=\"https:\/\/i0.wp.com\/mtbminto.com\/wp-content\/uploads\/2024\/02\/SponsorsforWebsite-1024x440-1.jpeg?resize=640%2C275&#038;ssl=1\" alt=\"\" class=\"wp-image-3901\" srcset=\"https:\/\/i0.wp.com\/mtbminto.com\/wp-content\/uploads\/2024\/02\/SponsorsforWebsite-1024x440-1.jpeg?w=1024&amp;ssl=1 1024w, https:\/\/i0.wp.com\/mtbminto.com\/wp-content\/uploads\/2024\/02\/SponsorsforWebsite-1024x440-1.jpeg?resize=300%2C129&amp;ssl=1 300w, https:\/\/i0.wp.com\/mtbminto.com\/wp-content\/uploads\/2024\/02\/SponsorsforWebsite-1024x440-1.jpeg?resize=768%2C330&amp;ssl=1 768w, https:\/\/i0.wp.com\/mtbminto.com\/wp-content\/uploads\/2024\/02\/SponsorsforWebsite-1024x440-1.jpeg?resize=228%2C98&amp;ssl=1 228w\" sizes=\"auto, (max-width: 640px) 100vw, 640px\" \/><\/figure>\n","protected":false},"excerpt":{"rendered":"<p>MTBM offre une exp\u00e9rience unique sur deux roues pas comme les autres. Sculpt\u00e9 par d&rsquo;\u00e9normes engins de terrassement \u00e0 l&rsquo;\u00e9poque des mines de charbon, le paysage offre d\u00e9sormais une mine d&rsquo;or de sentiers, de vues et de caract\u00e9ristiques pour le v\u00e9lo de montagne comme aucun autre r\u00e9seau de sentiers. Merci \u00e0 nos sponsors<\/p>\n","protected":false},"author":1,"featured_media":0,"parent":0,"menu_order":1,"comment_status":"closed","ping_status":"closed","template":"","meta":{"jetpack_post_was_ever_published":false,"footnotes":""},"class_list":["post-3414","page","type-page","status-publish","hentry"],"jetpack_sharing_enabled":true,"jetpack_shortlink":"https:\/\/wp.me\/P8cok7-T4","_links":{"self":[{"href":"https:\/\/mtbminto.com\/fr\/wp-json\/wp\/v2\/pages\/3414","targetHints":{"allow":["GET"]}}],"collection":[{"href":"https:\/\/mtbminto.com\/fr\/wp-json\/wp\/v2\/pages"}],"about":[{"href":"https:\/\/mtbminto.com\/fr\/wp-json\/wp\/v2\/types\/page"}],"author":[{"embeddable":true,"href":"https:\/\/mtbminto.com\/fr\/wp-json\/wp\/v2\/users\/1"}],"replies":[{"embeddable":true,"href":"https:\/\/mtbminto.com\/fr\/wp-json\/wp\/v2\/comments?post=3414"}],"version-history":[{"count":13,"href":"https:\/\/mtbminto.com\/fr\/wp-json\/wp\/v2\/pages\/3414\/revisions"}],"predecessor-version":[{"id":3907,"href":"https:\/\/mtbminto.com\/fr\/wp-json\/wp\/v2\/pages\/3414\/revisions\/3907"}],"wp:attachment":[{"href":"https:\/\/mtbminto.com\/fr\/wp-json\/wp\/v2\/media?parent=3414"}],"curies":[{"name":"wp","href":"https:\/\/api.w.org\/{rel}","templated":true}]}}